{"id":114,"date":"2017-11-02T12:44:10","date_gmt":"2017-11-02T12:44:10","guid":{"rendered":"http:\/\/www.aies-conference.com\/2020\/?page_id=114"},"modified":"2025-05-28T05:12:05","modified_gmt":"2025-05-28T05:12:05","slug":"call-for-papers","status":"publish","type":"page","link":"https:\/\/www.aies-conference.com\/2025\/call-for-papers\/","title":{"rendered":"Call for Papers"},"content":{"rendered":"\n<div class=\"wp-block-file alignright\"><a href=\"https:\/\/www.aies-conference.com\/2025\/wp-content\/uploads\/2025\/03\/AIES-CFP-2025.pdf\">PDF Version<\/a><\/div>\n\n\n\n<p><strong>8th AAAI\/ACM Conference on AI, Ethics, and Society<\/strong><br><a href=\"https:\/\/www.aies-conference.com\/2025\/\">www.aies-conference.com<br><\/a><a href=\"https:\/\/www.facebook.com\/AIESConf\">www.facebook.com\/AIESConf<br><\/a><a href=\"https:\/\/twitter.com\/AIESConf\">twitter.com\/AIESConf<\/a><\/p>\n\n\n\n<p>Abstract Registration Deadline: May 16, 2025 &#8211; 11:59 AoE<br>Submission deadline: May 23, 2025 \u2013 11:59pm AoE<br>Abstract and Submission website: <a href=\"https:\/\/easychair.org\/conferences\/?conf=aies25\">https:\/\/easychair.org\/conferences\/?conf=aies25<\/a><br>Notification: July 16, 2025<br>Conference: October 20-22, 2025<\/p>\n\n\n\n<p><br>Artificial intelligence (AI) is increasingly pervasive, powerful, and contested. While AI has the potential to empower individuals and improve society, the ethical ramifications of AI systems and their impact on human societies requires deep and urgent reflection. International organizations, governments, universities, corporations, and philanthropists have recognized this need to embark on an interdisciplinary investigation to help chart a course through the new territory enabled by AI. Earlier iterations of this conference and others have seen the first fruits of these calls to action, as programs for research have been set out in many fields relevant to AI, Ethics, and Society.<\/p>\n\n\n\n<p>AIES is convened each year by program co-chairs from Computer Science, Law and Policy, the Social Sciences, Ethics and Philosophy. Our goal is to encourage talented scholars in these and related fields to submit their best work related to morality, law, policy, psychology, the other social sciences, and AI. Papers should be tailored for a multi-disciplinary audience without sacrificing excellence. In addition to the community of scholars who have participated in these discussions from the outset, we want to explicitly welcome disciplinary experts who are newer to this topic, and see ways to break new ground in their own fields by thinking about AI. Recognizing that a multiplicity of perspectives leads to stronger science, the conference organizers actively welcome and encourage people with differing identities, expertise, backgrounds, beliefs, or experiences to participate.<\/p>\n\n\n\n<p>We are interested in any paper that touches on ethical or societal issues of AI technology and crosscuts any of the above fields. The following topics would be of interest, but the list is intended to be illustrative, not exhaustive:<\/p>\n\n\n\n<p>\u25cf Trustworthy AI systems<br>\u25cf Governance, regulation, control, safety, and security of AI<br>\u25cf Value alignment and moral decision making<br>\u25cf Interpretability, explainability, and transparency of AI<br>\u25cf Fairness, equity, and equality in AI<br>\u25cf Human-centered AI, human-AI interaction, and human-AI teaming<br>\u25cf Ethical models\/frameworks around AI and data<br>\u25cf AI, lawmaking and the judiciary<br>\u25cf AI in public administration, social service provision, and social good<br>\u25cf AI, surveillance, and privacy<br>\u25cf AI, markets and competition<br>\u25cf AI, health, and wellbeing<br>\u25cf AI and creativity, literature and the arts<br>\u25cf AI, democracy and social movements<br>\u25cf Cultural, geopolitical, economic, employment, and other societal impacts of AI<br>\u25cf Environmental costs and climate impacts of AI<br><br><strong>Formatting and Submission Instructions: <\/strong>Submitted papers may be at most 10 pages (including all figures and tables) in the 2-column style of the AAAI-2025 Author Kit, see <a href=\"https:\/\/aaai.org\/authorkit25\/\">https:\/\/aaai.org\/authorkit25\/<\/a>. Authors may use an unlimited number of pages for non-discursive references. All submissions must be made through the EasyChair link on the conference website. Review will be doubly-anonymized, so authors should remove identifying information from their papers.Authors may provide, but are not required, an optional ethical considerations statement, researcher positionality statement, and adverse impact statement. For an overview of positionality statements please see (<a href=\"https:\/\/www.youtube.com\/watch?v=GpcIVzGYhVs\">https:\/\/www.youtube.com\/watch?v=GpcIVzGYhVs<\/a>) and for adverse impact statements see (<a href=\"https:\/\/medium.com\/@alexandra.olteanu\/responsible-ai-research-needs-impact-statements-too-7b7141031faf\">https:\/\/medium.com\/@alexandra.olteanu\/responsible-ai-research-needs-impact-statements-too-7b7141031faf<\/a>). These statements may be given on one extra page at the end of the paper before references. This page will not count toward the overall page count. These sections are not meant for the discussion of methodological limitations, which should be addressed in the main paper. Authors can include supplementary materials (e.g., appendices) in a separate field on EasyChair, but reviewers will not be required to read them. Note that papers that do not follow the above formatting guidelines will be desk rejected. All materials are due on the paper deadline above.<\/p>\n\n\n\n<p><strong>Abstract Registration and Changes: <\/strong>All Authors are required to pre-register their papers through the Easychair submission site by submitting a tentative title and abstract and specifying their submission area(s). This same submission will be updated with the paper for final submission. This process will enable the Program Chairs to better anticipate the submission load and to make necessary adjustments to the program committee Changes to the author list after the submission deadline are not allowed. At least one author of each accepted paper is required to register for, attend, and present the work at the conference. The proceedings of the conference will be published in the AAAI Digital Library.<\/p>\n\n\n\n<p><strong>NOTICE REGARDING NON-ARCHIVAL, PRIOR AND CONCURRENT SUBMISSIONS<\/strong>: To accommodate the publishing traditions of different fields, authors of accepted papers can provide a one-page abstract for the conference proceedings, along with a URL pointing to the full paper. Authors should guarantee the link be reliable for at least two years. This option is available to accommodate subsequent publication in journals that would not consider results that have been published in preliminary form in a conference proceedings. The review process for such papers is unchanged. They must adhere to the same  requirements and be formatted just like papers submitted for archival publication. Regardless of the choice to submit for non-archival or archival publication, papers submitted to AIES are expected to be of publication-ready quality.<\/p>\n\n\n\n<p>Papers submitted to AIES-2025 may not be published in, or accepted for publication at, an archival conference or journal prior to submission to AIES. Papers that are a version of journal submissions currently under review are welcome as long as authors select the non-archival option. We welcome work that appears as a preprint (e.g. arXiv or SSRN). We welcome extensions of previously accepted workshop papers or abstracts with substantial new content if formally published in a Proceedings volume. To maintain anonymity, please do not cite preprints or prior versions.<\/p>\n\n\n\n<p><strong>NOTICE REGARDING THE USE OF LARGE LANGUAGE MODELS<\/strong>: Papers that include text generated from large language models (LLMs) such as ChatGPT are prohibited unless the produced text is presented as a part of the paper\u2019s experimental analysis. Note that this policy does not prohibit authors from using LLMs for editing or polishing author-written text.&nbsp;<\/p>\n\n\n\n<p>AIES 2025 furthermore follows AAAI policy that any AI system, including generative models, does not satisfy the criteria for authorship of papers published by AAAI and, as such, also cannot be used as a citable source in papers published by AAAI. Authors assume full responsibility for content, including checking for plagiarism and veracity of all text.<\/p>\n\n\n\n<p>Conference program co-chairs:<br>Emanuelle Burton (University of Illinois, Chicago)<br>M.L. (Lorena) Fl\u00f3rez Rojas (University of Groningen)<br>Nicholas Mattei (Tulane University)<br>Andr\u00e9s P\u00e1ez (Universidad de los Andes)<\/p>\n\n\n\n<p><br>Please contact&nbsp;<a href=\"mailto:aies25chairs@aaai.org\">aies25chairs@aaai.org<\/a>&nbsp;with any questions.<\/p>\n\n\n\n<p><br><\/p>\n","protected":false},"excerpt":{"rendered":"<p>PDF Version 8th AAAI\/ACM Conference on AI, Ethics, and Societywww.aies-conference.comwww.facebook.com\/AIESConftwitter.com\/AIESConf Abstract Registration Deadline: May 16, 2025 &#8211; 11:59 AoESubmission deadline: May 23, 2025 \u2013 11:59pm AoEAbstract and Submission website: https:\/\/easychair.org\/conferences\/?conf=aies25Notification: July 16, 2025Conference: October 20-22, 2025 Artificial intelligence (AI) is increasingly pervasive, powerful, and contested. While AI has the potential to empower individuals and improve [&hellip;]<\/p>\n","protected":false},"author":1,"featured_media":0,"parent":0,"menu_order":0,"comment_status":"closed","ping_status":"closed","template":"brizy-blank-template.php","meta":{"_monsterinsights_skip_tracking":false,"_monsterinsights_sitenote_active":false,"_monsterinsights_sitenote_note":"","_monsterinsights_sitenote_category":0,"footnotes":""},"class_list":["post-114","page","type-page","status-publish","hentry"],"_links":{"self":[{"href":"https:\/\/www.aies-conference.com\/2025\/wp-json\/wp\/v2\/pages\/114","targetHints":{"allow":["GET"]}}],"collection":[{"href":"https:\/\/www.aies-conference.com\/2025\/wp-json\/wp\/v2\/pages"}],"about":[{"href":"https:\/\/www.aies-conference.com\/2025\/wp-json\/wp\/v2\/types\/page"}],"author":[{"embeddable":true,"href":"https:\/\/www.aies-conference.com\/2025\/wp-json\/wp\/v2\/users\/1"}],"replies":[{"embeddable":true,"href":"https:\/\/www.aies-conference.com\/2025\/wp-json\/wp\/v2\/comments?post=114"}],"version-history":[{"count":164,"href":"https:\/\/www.aies-conference.com\/2025\/wp-json\/wp\/v2\/pages\/114\/revisions"}],"predecessor-version":[{"id":2518,"href":"https:\/\/www.aies-conference.com\/2025\/wp-json\/wp\/v2\/pages\/114\/revisions\/2518"}],"wp:attachment":[{"href":"https:\/\/www.aies-conference.com\/2025\/wp-json\/wp\/v2\/media?parent=114"}],"curies":[{"name":"wp","href":"https:\/\/api.w.org\/{rel}","templated":true}]}}