{"id":2671,"date":"2025-09-29T14:27:26","date_gmt":"2025-09-29T14:27:26","guid":{"rendered":"https:\/\/www.aies-conference.com\/2025\/?page_id=2671"},"modified":"2025-09-29T14:27:27","modified_gmt":"2025-09-29T14:27:27","slug":"senior-program-committee","status":"publish","type":"page","link":"https:\/\/www.aies-conference.com\/2025\/senior-program-committee\/","title":{"rendered":"Senior Program Committee"},"content":{"rendered":"\n<figure class=\"wp-block-table\"><table class=\"has-fixed-layout\"><tbody><tr><td><strong>Name<\/strong><\/td><td><strong>Affiliation<\/strong><\/td><\/tr><tr><td>Diana Acosta-Navas<\/td><td><em>Quinlan School of Business. Loyola University Chicago<\/em><\/td><\/tr><tr><td>Dar\u00edo Agat\u00f3n<\/td><td><em>Universidad de los Andes<\/em><\/td><\/tr><tr><td>Thomas Arnold<\/td><td><em>Tufts University<\/em><\/td><\/tr><tr><td>Gabriela Arriagada-Bruneau<\/td><td><em>Pontificia Universidad Cat\u00f3lica de Chile &amp; Centro Nacional de Inteligencia Artificial (CENIA)<\/em><\/td><\/tr><tr><td>Jack Bandy<\/td><td><em>Northwestern University<\/em><\/td><\/tr><tr><td>Elizabeth Bondi-Kelly<\/td><td><em>University of Michigan<\/em><\/td><\/tr><tr><td>Hau Chan<\/td><td><em>University of Nebraska-Lincoln<\/em><\/td><\/tr><tr><td>Kristel Clayville<\/td><td><em>University of Chicago<\/em><\/td><\/tr><tr><td>Aron Culotta<\/td><td><em>Tulane University<\/em><\/td><\/tr><tr><td>David Danks<\/td><td><em>University of California, San Diego<\/em><\/td><\/tr><tr><td>Sanmay Das<\/td><td><em>Virginia Tech<\/em><\/td><\/tr><tr><td>Nicholas Diakopoulos<\/td><td><em>Northwestern University<\/em><\/td><\/tr><tr><td>John P. Dickerson<\/td><td><em>University of Maryland<\/em><\/td><\/tr><tr><td>Stacy Doore<\/td><td><em>Colby College<\/em><\/td><\/tr><tr><td>Mateo Dulce<\/td><td><em>New York University<\/em><\/td><\/tr><tr><td>Santiago Florez<\/td><td><em>Universidad de Los Andes<\/em><\/td><\/tr><tr><td>Maria Lorena Florez Rojas<\/td><td><em>Assistant Professor, University of Groningen<\/em><\/td><\/tr><tr><td>Judy Goldsmith<\/td><td><em>University of Kentucky<\/em><\/td><\/tr><tr><td>Brent Harrison<\/td><td><em>University of Kentucky<\/em><\/td><\/tr><tr><td>Chris Kanich<\/td><td><em>University of Illinois Chicago<\/em><\/td><\/tr><tr><td>Michael S. Kirkpatrick<\/td><td><em>James Madison University<\/em><\/td><\/tr><tr><td>Sven Koenig<\/td><td><em>University of California, Irvine<\/em><\/td><\/tr><tr><td>Benjamin Lange<\/td><td><em>Ludwig-Maximilians-Universit\u00e4t M\u00fcnchen &amp; Munich Center for Machine Learning<\/em><\/td><\/tr><tr><td>Andrea Loreggia<\/td><td><em>University of Brescia<\/em><\/td><\/tr><tr><td>Amanda McCroskery<\/td><td><em>Google Deepmind<\/em><\/td><\/tr><tr><td>Sriraam Natarajan<\/td><td><em>University of Texas at Dallas<\/em><\/td><\/tr><tr><td>Anamar\u00eda Pe\u00f1aloza<\/td><td><em>Universidad de los Andes<\/em><\/td><\/tr><tr><td>Giada Pistilli<\/td><td><em>Hugging Face<\/em><\/td><\/tr><tr><td>Denniss Raigoso<\/td><td><em>Universidad de los Andes<\/em><\/td><\/tr><tr><td>Angel Rivera-Novoa<\/td><td><em>Universidad de Antioquia<\/em><\/td><\/tr><tr><td>Francesca Rossi<\/td><td><em>IBM Research<\/em><\/td><\/tr><tr><td>Bobby Schnabel<\/td><td><em>University of Colorado Boulder<\/em><\/td><\/tr><tr><td>Molly Siler<\/td><td><em>University of Kentucky<\/em><\/td><\/tr><tr><td>Marija Slavkovik<\/td><td><em>University of Bergen<\/em><\/td><\/tr><tr><td>Biplav Srivastava<\/td><td><em>AI Institute, University of South Carolina<\/em><\/td><\/tr><tr><td>Sara-Jo Swiatek<\/td><td><em>Seattle University<\/em><\/td><\/tr><tr><td>Alan Tsang<\/td><td><em>Carleton University<\/em><\/td><\/tr><tr><td>Ida Varo\u0161anec<\/td><td><em>University of Groningen<\/em><\/td><\/tr><tr><td>Suresh Venkatasubramanian<\/td><td><em>Brown University<\/em><\/td><\/tr><tr><td>Marty J. Wolf<\/td><td><em>Bemidji State University<\/em><\/td><\/tr><tr><td>Yair Zick<\/td><td><em>University of Massachusetts, Amherst<\/em><\/td><\/tr><tr><td>Michael Zimmer<\/td><td><em>Marquette University<\/em><\/td><\/tr><\/tbody><\/table><\/figure>\n","protected":false},"excerpt":{"rendered":"<p>Name Affiliation Diana Acosta-Navas Quinlan School of Business. Loyola University Chicago Dar\u00edo Agat\u00f3n Universidad de los Andes Thomas Arnold Tufts University Gabriela Arriagada-Bruneau Pontificia Universidad Cat\u00f3lica de Chile &amp; Centro Nacional de Inteligencia Artificial (CENIA) Jack Bandy Northwestern University Elizabeth Bondi-Kelly University of Michigan Hau Chan University of Nebraska-Lincoln Kristel Clayville University of Chicago Aron [&hellip;]<\/p>\n","protected":false},"author":1,"featured_media":0,"parent":0,"menu_order":0,"comment_status":"closed","ping_status":"closed","template":"","meta":{"_monsterinsights_skip_tracking":false,"_monsterinsights_sitenote_active":false,"_monsterinsights_sitenote_note":"","_monsterinsights_sitenote_category":0,"footnotes":""},"class_list":["post-2671","page","type-page","status-publish","hentry"],"_links":{"self":[{"href":"https:\/\/www.aies-conference.com\/2025\/wp-json\/wp\/v2\/pages\/2671","targetHints":{"allow":["GET"]}}],"collection":[{"href":"https:\/\/www.aies-conference.com\/2025\/wp-json\/wp\/v2\/pages"}],"about":[{"href":"https:\/\/www.aies-conference.com\/2025\/wp-json\/wp\/v2\/types\/page"}],"author":[{"embeddable":true,"href":"https:\/\/www.aies-conference.com\/2025\/wp-json\/wp\/v2\/users\/1"}],"replies":[{"embeddable":true,"href":"https:\/\/www.aies-conference.com\/2025\/wp-json\/wp\/v2\/comments?post=2671"}],"version-history":[{"count":1,"href":"https:\/\/www.aies-conference.com\/2025\/wp-json\/wp\/v2\/pages\/2671\/revisions"}],"predecessor-version":[{"id":2672,"href":"https:\/\/www.aies-conference.com\/2025\/wp-json\/wp\/v2\/pages\/2671\/revisions\/2672"}],"wp:attachment":[{"href":"https:\/\/www.aies-conference.com\/2025\/wp-json\/wp\/v2\/media?parent=2671"}],"curies":[{"name":"wp","href":"https:\/\/api.w.org\/{rel}","templated":true}]}}